{"id":9,"date":"2026-04-13T20:32:47","date_gmt":"2026-04-13T18:32:47","guid":{"rendered":"http:\/\/pokrok.ft.utb.cz\/?page_id=9"},"modified":"2026-04-13T20:32:53","modified_gmt":"2026-04-13T18:32:53","slug":"formular-pro-prihlaseni","status":"publish","type":"page","link":"https:\/\/pokrok.ft.utb.cz\/","title":{"rendered":"Formul\u00e1\u0159 pro p\u0159ihl\u00e1\u0161en\u00ed"},"content":{"rendered":"\t<div id=\"utb-pokrok-form\" class=\"pokrok-wrap\">\n\n\t\t<!-- Krok 1: volba role -->\n\t\t<div class=\"pokrok-step\" id=\"pokrok-step-1\">\n\t\t\t<h2 class=\"pokrok-section-title\">Vyberte svou roli<\/h2>\n\t\t\t<div class=\"pokrok-role-cards\">\n\t\t\t\t<button type=\"button\" class=\"pokrok-role-card\" data-role=\"doucovatel\">\n\t\t\t\t\t<span class=\"pokrok-role-icon\">\ud83d\udc68\u200d\ud83c\udfeb<\/span>\n\t\t\t\t\t<strong>Chci b\u00fdt dou\u010dovatel<\/strong>\n\t\t\t\t\t<span>Nab\u00eddnu dou\u010dov\u00e1n\u00ed ostatn\u00edm student\u016fm<\/span>\n\t\t\t\t<\/button>\n\t\t\t\t<button type=\"button\" class=\"pokrok-role-card\" data-role=\"doucovany\">\n\t\t\t\t\t<span class=\"pokrok-role-icon\">\ud83d\udcda<\/span>\n\t\t\t\t\t<strong>Hled\u00e1m dou\u010dov\u00e1n\u00ed<\/strong>\n\t\t\t\t\t<span>Chci se p\u0159ihl\u00e1sit k dou\u010dov\u00e1n\u00ed<\/span>\n\t\t\t\t<\/button>\n\t\t\t<\/div>\n\t\t<\/div>\n\n\t\t<!-- Z\u00e1lo\u017ekov\u00e1 navigace (zobraz\u00ed se po volb\u011b role) -->\n\t\t<nav id=\"pokrok-nav\" class=\"pokrok-nav\" style=\"display:none\" aria-label=\"P\u0159ep\u00edna\u010d role\">\n\t\t\t<button type=\"button\" class=\"pokrok-tab\" data-role=\"doucovatel\">\n\t\t\t\t<span aria-hidden=\"true\">\ud83d\udc68\u200d\ud83c\udfeb<\/span> Chci b\u00fdt dou\u010dovatel\n\t\t\t<\/button>\n\t\t\t<button type=\"button\" class=\"pokrok-tab\" data-role=\"doucovany\">\n\t\t\t\t<span aria-hidden=\"true\">\ud83d\udcda<\/span> Hled\u00e1m dou\u010dov\u00e1n\u00ed\n\t\t\t<\/button>\n\t\t<\/nav>\n\n\t\t<!-- Krok 2A: registrace dou\u010dovatele -->\n\t\t<div class=\"pokrok-step\" id=\"pokrok-step-doucovatel\" style=\"display:none\">\n\t\t\t<h2 class=\"pokrok-section-title\">Registrace dou\u010dovatele<\/h2>\n\t\t\t<form id=\"pokrok-form-doucovatel\" novalidate>\n\t\t\t\t<div class=\"pokrok-form-row pokrok-form-row--inline\">\n\t\t\t\t\t<div>\n\t\t\t\t\t\t<label>Titul p\u0159ed jm\u00e9nem<\/label>\n\t\t\t\t\t\t<input type=\"text\" name=\"nadpis\" placeholder=\"Mgr., Ing., Bc., \u2026\" maxlength=\"50\" size=\"10\">\n\t\t\t\t\t<\/div>\n\t\t\t\t\t<div>\n\t\t\t\t\t\t<label>Titul za jm\u00e9nem<\/label>\n\t\t\t\t\t\t<input type=\"text\" name=\"titul_za\" placeholder=\"Ph.D., MBA, DiS., \u2026\" maxlength=\"50\">\n\t\t\t\t\t<\/div>\n\t\t\t\t<\/div>\n\t\t\t\t<div class=\"pokrok-form-row pokrok-form-row--inline\">\n\t\t\t\t\t<div>\n\t\t\t\t\t\t<label>Jm\u00e9no <span class=\"pokrok-req\">*<\/span><\/label>\n\t\t\t\t\t\t<input type=\"text\" name=\"jmeno\" required maxlength=\"100\">\n\t\t\t\t\t<\/div>\n\t\t\t\t\t<div>\n\t\t\t\t\t\t<label>P\u0159\u00edjmen\u00ed <span class=\"pokrok-req\">*<\/span><\/label>\n\t\t\t\t\t\t<input type=\"text\" name=\"prijmeni\" required maxlength=\"100\">\n\t\t\t\t\t<\/div>\n\t\t\t\t<\/div>\n\t\t\t\t<div class=\"pokrok-form-row\">\n\t\t\t\t\t<label>Osobn\u00ed \u010d\u00edslo <span class=\"pokrok-req\">*<\/span><\/label>\n\t\t\t\t\t<input type=\"text\" name=\"osobni_cislo\" required maxlength=\"20\">\n\t\t\t\t<\/div>\n\t\t\t\t<div class=\"pokrok-form-row\">\n\t\t\t\t\t<label>E-mail <span class=\"pokrok-req\">*<\/span><\/label>\n\t\t\t\t\t<input type=\"email\" name=\"email\" required maxlength=\"150\">\n\t\t\t\t<\/div>\n\n\t\t\t\t<div class=\"pokrok-form-row\">\n\t\t\t\t\t<label>P\u0159edm\u011bty, kter\u00e9 mohu dou\u010dovat<\/label>\n\t\t\t\t\t<div class=\"pokrok-subject-wrap\" id=\"pokrok-dt-subjects\" data-mode=\"multi\">\n\t\t\t\t\t\t<input type=\"text\" class=\"pokrok-subject-search\" autocomplete=\"off\"\n\t\t\t\t\t\t       placeholder=\"Hledat podle n\u00e1zvu nebo zkratky\u2026\" aria-label=\"Hledat p\u0159edm\u011bt\">\n\t\t\t\t\t\t<div class=\"pokrok-subject-dropdown\" role=\"listbox\" style=\"display:none\"><\/div>\n\t\t\t\t\t\t<div class=\"pokrok-subject-tags\" aria-live=\"polite\"><\/div>\n\t\t\t\t\t<\/div>\n\t\t\t\t<\/div>\n\n\t\t\t\t<div class=\"pokrok-form-row\">\n\t\t\t\t\t<label>Preferovan\u00e9 dny a \u010dasy<\/label>\n\t\t\t\t\t<div class=\"pokrok-avail-wrap\">\n\t\t\t\t\t\t<table class=\"pokrok-avail-table\">\n\t\t\t\t\t\t\t<thead>\n\t\t\t\t\t\t\t\t<tr>\n\t\t\t\t\t\t\t\t\t<th><\/th>\n\t\t\t\t\t\t\t\t\t\t\t\t\t\t\t\t\t\t<th>7<\/th>\n\t\t\t\t\t\t\t\t\t\t\t\t\t\t\t\t\t\t<th>8<\/th>\n\t\t\t\t\t\t\t\t\t\t\t\t\t\t\t\t\t\t<th>9<\/th>\n\t\t\t\t\t\t\t\t\t\t\t\t\t\t\t\t\t\t<th>10<\/th>\n\t\t\t\t\t\t\t\t\t\t\t\t\t\t\t\t\t\t<th>11<\/th>\n\t\t\t\t\t\t\t\t\t\t\t\t\t\t\t\t\t\t<th>12<\/th>\n\t\t\t\t\t\t\t\t\t\t\t\t\t\t\t\t\t\t<th>13<\/th>\n\t\t\t\t\t\t\t\t\t\t\t\t\t\t\t\t\t\t<th>14<\/th>\n\t\t\t\t\t\t\t\t\t\t\t\t\t\t\t\t\t\t<th>15<\/th>\n\t\t\t\t\t\t\t\t\t\t\t\t\t\t\t\t\t\t<th>16<\/th>\n\t\t\t\t\t\t\t\t\t\t\t\t\t\t\t\t\t\t<th>17<\/th>\n\t\t\t\t\t\t\t\t\t\t\t\t\t\t\t\t\t\t<th>18<\/th>\n\t\t\t\t\t\t\t\t\t\t\t\t\t\t\t\t\t\t<th>19<\/th>\n\t\t\t\t\t\t\t\t\t\t\t\t\t\t\t\t\t\t<th>20<\/th>\n\t\t\t\t\t\t\t\t\t\t\t\t\t\t\t\t\t<\/tr>\n\t\t\t\t\t\t\t<\/thead>\n\t\t\t\t\t\t\t<tbody>\n\t\t\t\t\t\t\t\t\t\t\t\t\t\t\t\t<tr>\n\t\t\t\t\t\t\t\t\t<th>Po<\/th>\n\t\t\t\t\t\t\t\t\t\t\t\t\t\t\t\t\t\t<td><input type=\"checkbox\" name=\"dostupnost[PO][]\" value=\"7\"><\/td>\n\t\t\t\t\t\t\t\t\t\t\t\t\t\t\t\t\t\t<td><input type=\"checkbox\" name=\"dostupnost[PO][]\" value=\"8\"><\/td>\n\t\t\t\t\t\t\t\t\t\t\t\t\t\t\t\t\t\t<td><input type=\"checkbox\" name=\"dostupnost[PO][]\" value=\"9\"><\/td>\n\t\t\t\t\t\t\t\t\t\t\t\t\t\t\t\t\t\t<td><input type=\"checkbox\" name=\"dostupnost[PO][]\" value=\"10\"><\/td>\n\t\t\t\t\t\t\t\t\t\t\t\t\t\t\t\t\t\t<td><input type=\"checkbox\" name=\"dostupnost[PO][]\" value=\"11\"><\/td>\n\t\t\t\t\t\t\t\t\t\t\t\t\t\t\t\t\t\t<td><input type=\"checkbox\" name=\"dostupnost[PO][]\" value=\"12\"><\/td>\n\t\t\t\t\t\t\t\t\t\t\t\t\t\t\t\t\t\t<td><input type=\"checkbox\" name=\"dostupnost[PO][]\" value=\"13\"><\/td>\n\t\t\t\t\t\t\t\t\t\t\t\t\t\t\t\t\t\t<td><input type=\"checkbox\" name=\"dostupnost[PO][]\" value=\"14\"><\/td>\n\t\t\t\t\t\t\t\t\t\t\t\t\t\t\t\t\t\t<td><input type=\"checkbox\" name=\"dostupnost[PO][]\" value=\"15\"><\/td>\n\t\t\t\t\t\t\t\t\t\t\t\t\t\t\t\t\t\t<td><input type=\"checkbox\" name=\"dostupnost[PO][]\" value=\"16\"><\/td>\n\t\t\t\t\t\t\t\t\t\t\t\t\t\t\t\t\t\t<td><input type=\"checkbox\" name=\"dostupnost[PO][]\" value=\"17\"><\/td>\n\t\t\t\t\t\t\t\t\t\t\t\t\t\t\t\t\t\t<td><input type=\"checkbox\" name=\"dostupnost[PO][]\" value=\"18\"><\/td>\n\t\t\t\t\t\t\t\t\t\t\t\t\t\t\t\t\t\t<td><input type=\"checkbox\" name=\"dostupnost[PO][]\" value=\"19\"><\/td>\n\t\t\t\t\t\t\t\t\t\t\t\t\t\t\t\t\t\t<td><input type=\"checkbox\" name=\"dostupnost[PO][]\" value=\"20\"><\/td>\n\t\t\t\t\t\t\t\t\t\t\t\t\t\t\t\t\t<\/tr>\n\t\t\t\t\t\t\t\t\t\t\t\t\t\t\t\t<tr>\n\t\t\t\t\t\t\t\t\t<th>\u00dat<\/th>\n\t\t\t\t\t\t\t\t\t\t\t\t\t\t\t\t\t\t<td><input type=\"checkbox\" name=\"dostupnost[UT][]\" value=\"7\"><\/td>\n\t\t\t\t\t\t\t\t\t\t\t\t\t\t\t\t\t\t<td><input type=\"checkbox\" name=\"dostupnost[UT][]\" value=\"8\"><\/td>\n\t\t\t\t\t\t\t\t\t\t\t\t\t\t\t\t\t\t<td><input type=\"checkbox\" name=\"dostupnost[UT][]\" value=\"9\"><\/td>\n\t\t\t\t\t\t\t\t\t\t\t\t\t\t\t\t\t\t<td><input type=\"checkbox\" name=\"dostupnost[UT][]\" value=\"10\"><\/td>\n\t\t\t\t\t\t\t\t\t\t\t\t\t\t\t\t\t\t<td><input type=\"checkbox\" name=\"dostupnost[UT][]\" value=\"11\"><\/td>\n\t\t\t\t\t\t\t\t\t\t\t\t\t\t\t\t\t\t<td><input type=\"checkbox\" name=\"dostupnost[UT][]\" value=\"12\"><\/td>\n\t\t\t\t\t\t\t\t\t\t\t\t\t\t\t\t\t\t<td><input type=\"checkbox\" name=\"dostupnost[UT][]\" value=\"13\"><\/td>\n\t\t\t\t\t\t\t\t\t\t\t\t\t\t\t\t\t\t<td><input type=\"checkbox\" name=\"dostupnost[UT][]\" value=\"14\"><\/td>\n\t\t\t\t\t\t\t\t\t\t\t\t\t\t\t\t\t\t<td><input type=\"checkbox\" name=\"dostupnost[UT][]\" value=\"15\"><\/td>\n\t\t\t\t\t\t\t\t\t\t\t\t\t\t\t\t\t\t<td><input type=\"checkbox\" name=\"dostupnost[UT][]\" value=\"16\"><\/td>\n\t\t\t\t\t\t\t\t\t\t\t\t\t\t\t\t\t\t<td><input type=\"checkbox\" name=\"dostupnost[UT][]\" value=\"17\"><\/td>\n\t\t\t\t\t\t\t\t\t\t\t\t\t\t\t\t\t\t<td><input type=\"checkbox\" name=\"dostupnost[UT][]\" value=\"18\"><\/td>\n\t\t\t\t\t\t\t\t\t\t\t\t\t\t\t\t\t\t<td><input type=\"checkbox\" name=\"dostupnost[UT][]\" value=\"19\"><\/td>\n\t\t\t\t\t\t\t\t\t\t\t\t\t\t\t\t\t\t<td><input type=\"checkbox\" name=\"dostupnost[UT][]\" value=\"20\"><\/td>\n\t\t\t\t\t\t\t\t\t\t\t\t\t\t\t\t\t<\/tr>\n\t\t\t\t\t\t\t\t\t\t\t\t\t\t\t\t<tr>\n\t\t\t\t\t\t\t\t\t<th>St<\/th>\n\t\t\t\t\t\t\t\t\t\t\t\t\t\t\t\t\t\t<td><input type=\"checkbox\" name=\"dostupnost[ST][]\" value=\"7\"><\/td>\n\t\t\t\t\t\t\t\t\t\t\t\t\t\t\t\t\t\t<td><input type=\"checkbox\" name=\"dostupnost[ST][]\" value=\"8\"><\/td>\n\t\t\t\t\t\t\t\t\t\t\t\t\t\t\t\t\t\t<td><input type=\"checkbox\" name=\"dostupnost[ST][]\" value=\"9\"><\/td>\n\t\t\t\t\t\t\t\t\t\t\t\t\t\t\t\t\t\t<td><input type=\"checkbox\" name=\"dostupnost[ST][]\" value=\"10\"><\/td>\n\t\t\t\t\t\t\t\t\t\t\t\t\t\t\t\t\t\t<td><input type=\"checkbox\" name=\"dostupnost[ST][]\" value=\"11\"><\/td>\n\t\t\t\t\t\t\t\t\t\t\t\t\t\t\t\t\t\t<td><input type=\"checkbox\" name=\"dostupnost[ST][]\" value=\"12\"><\/td>\n\t\t\t\t\t\t\t\t\t\t\t\t\t\t\t\t\t\t<td><input type=\"checkbox\" name=\"dostupnost[ST][]\" value=\"13\"><\/td>\n\t\t\t\t\t\t\t\t\t\t\t\t\t\t\t\t\t\t<td><input type=\"checkbox\" name=\"dostupnost[ST][]\" value=\"14\"><\/td>\n\t\t\t\t\t\t\t\t\t\t\t\t\t\t\t\t\t\t<td><input type=\"checkbox\" name=\"dostupnost[ST][]\" value=\"15\"><\/td>\n\t\t\t\t\t\t\t\t\t\t\t\t\t\t\t\t\t\t<td><input type=\"checkbox\" name=\"dostupnost[ST][]\" value=\"16\"><\/td>\n\t\t\t\t\t\t\t\t\t\t\t\t\t\t\t\t\t\t<td><input type=\"checkbox\" name=\"dostupnost[ST][]\" value=\"17\"><\/td>\n\t\t\t\t\t\t\t\t\t\t\t\t\t\t\t\t\t\t<td><input type=\"checkbox\" name=\"dostupnost[ST][]\" value=\"18\"><\/td>\n\t\t\t\t\t\t\t\t\t\t\t\t\t\t\t\t\t\t<td><input type=\"checkbox\" name=\"dostupnost[ST][]\" value=\"19\"><\/td>\n\t\t\t\t\t\t\t\t\t\t\t\t\t\t\t\t\t\t<td><input type=\"checkbox\" name=\"dostupnost[ST][]\" value=\"20\"><\/td>\n\t\t\t\t\t\t\t\t\t\t\t\t\t\t\t\t\t<\/tr>\n\t\t\t\t\t\t\t\t\t\t\t\t\t\t\t\t<tr>\n\t\t\t\t\t\t\t\t\t<th>\u010ct<\/th>\n\t\t\t\t\t\t\t\t\t\t\t\t\t\t\t\t\t\t<td><input type=\"checkbox\" name=\"dostupnost[CT][]\" value=\"7\"><\/td>\n\t\t\t\t\t\t\t\t\t\t\t\t\t\t\t\t\t\t<td><input type=\"checkbox\" name=\"dostupnost[CT][]\" value=\"8\"><\/td>\n\t\t\t\t\t\t\t\t\t\t\t\t\t\t\t\t\t\t<td><input type=\"checkbox\" name=\"dostupnost[CT][]\" value=\"9\"><\/td>\n\t\t\t\t\t\t\t\t\t\t\t\t\t\t\t\t\t\t<td><input type=\"checkbox\" name=\"dostupnost[CT][]\" value=\"10\"><\/td>\n\t\t\t\t\t\t\t\t\t\t\t\t\t\t\t\t\t\t<td><input type=\"checkbox\" name=\"dostupnost[CT][]\" value=\"11\"><\/td>\n\t\t\t\t\t\t\t\t\t\t\t\t\t\t\t\t\t\t<td><input type=\"checkbox\" name=\"dostupnost[CT][]\" value=\"12\"><\/td>\n\t\t\t\t\t\t\t\t\t\t\t\t\t\t\t\t\t\t<td><input type=\"checkbox\" name=\"dostupnost[CT][]\" value=\"13\"><\/td>\n\t\t\t\t\t\t\t\t\t\t\t\t\t\t\t\t\t\t<td><input type=\"checkbox\" name=\"dostupnost[CT][]\" value=\"14\"><\/td>\n\t\t\t\t\t\t\t\t\t\t\t\t\t\t\t\t\t\t<td><input type=\"checkbox\" name=\"dostupnost[CT][]\" value=\"15\"><\/td>\n\t\t\t\t\t\t\t\t\t\t\t\t\t\t\t\t\t\t<td><input type=\"checkbox\" name=\"dostupnost[CT][]\" value=\"16\"><\/td>\n\t\t\t\t\t\t\t\t\t\t\t\t\t\t\t\t\t\t<td><input type=\"checkbox\" name=\"dostupnost[CT][]\" value=\"17\"><\/td>\n\t\t\t\t\t\t\t\t\t\t\t\t\t\t\t\t\t\t<td><input type=\"checkbox\" name=\"dostupnost[CT][]\" value=\"18\"><\/td>\n\t\t\t\t\t\t\t\t\t\t\t\t\t\t\t\t\t\t<td><input type=\"checkbox\" name=\"dostupnost[CT][]\" value=\"19\"><\/td>\n\t\t\t\t\t\t\t\t\t\t\t\t\t\t\t\t\t\t<td><input type=\"checkbox\" name=\"dostupnost[CT][]\" value=\"20\"><\/td>\n\t\t\t\t\t\t\t\t\t\t\t\t\t\t\t\t\t<\/tr>\n\t\t\t\t\t\t\t\t\t\t\t\t\t\t\t\t<tr>\n\t\t\t\t\t\t\t\t\t<th>P\u00e1<\/th>\n\t\t\t\t\t\t\t\t\t\t\t\t\t\t\t\t\t\t<td><input type=\"checkbox\" name=\"dostupnost[PA][]\" value=\"7\"><\/td>\n\t\t\t\t\t\t\t\t\t\t\t\t\t\t\t\t\t\t<td><input type=\"checkbox\" name=\"dostupnost[PA][]\" value=\"8\"><\/td>\n\t\t\t\t\t\t\t\t\t\t\t\t\t\t\t\t\t\t<td><input type=\"checkbox\" name=\"dostupnost[PA][]\" value=\"9\"><\/td>\n\t\t\t\t\t\t\t\t\t\t\t\t\t\t\t\t\t\t<td><input type=\"checkbox\" name=\"dostupnost[PA][]\" value=\"10\"><\/td>\n\t\t\t\t\t\t\t\t\t\t\t\t\t\t\t\t\t\t<td><input type=\"checkbox\" name=\"dostupnost[PA][]\" value=\"11\"><\/td>\n\t\t\t\t\t\t\t\t\t\t\t\t\t\t\t\t\t\t<td><input type=\"checkbox\" name=\"dostupnost[PA][]\" value=\"12\"><\/td>\n\t\t\t\t\t\t\t\t\t\t\t\t\t\t\t\t\t\t<td><input type=\"checkbox\" name=\"dostupnost[PA][]\" value=\"13\"><\/td>\n\t\t\t\t\t\t\t\t\t\t\t\t\t\t\t\t\t\t<td><input type=\"checkbox\" name=\"dostupnost[PA][]\" value=\"14\"><\/td>\n\t\t\t\t\t\t\t\t\t\t\t\t\t\t\t\t\t\t<td><input type=\"checkbox\" name=\"dostupnost[PA][]\" value=\"15\"><\/td>\n\t\t\t\t\t\t\t\t\t\t\t\t\t\t\t\t\t\t<td><input type=\"checkbox\" name=\"dostupnost[PA][]\" value=\"16\"><\/td>\n\t\t\t\t\t\t\t\t\t\t\t\t\t\t\t\t\t\t<td><input type=\"checkbox\" name=\"dostupnost[PA][]\" value=\"17\"><\/td>\n\t\t\t\t\t\t\t\t\t\t\t\t\t\t\t\t\t\t<td><input type=\"checkbox\" name=\"dostupnost[PA][]\" value=\"18\"><\/td>\n\t\t\t\t\t\t\t\t\t\t\t\t\t\t\t\t\t\t<td><input type=\"checkbox\" name=\"dostupnost[PA][]\" value=\"19\"><\/td>\n\t\t\t\t\t\t\t\t\t\t\t\t\t\t\t\t\t\t<td><input type=\"checkbox\" name=\"dostupnost[PA][]\" value=\"20\"><\/td>\n\t\t\t\t\t\t\t\t\t\t\t\t\t\t\t\t\t<\/tr>\n\t\t\t\t\t\t\t\t\t\t\t\t\t\t\t\t<tr>\n\t\t\t\t\t\t\t\t\t<th>So<\/th>\n\t\t\t\t\t\t\t\t\t\t\t\t\t\t\t\t\t\t<td><input type=\"checkbox\" name=\"dostupnost[SO][]\" value=\"7\"><\/td>\n\t\t\t\t\t\t\t\t\t\t\t\t\t\t\t\t\t\t<td><input type=\"checkbox\" name=\"dostupnost[SO][]\" value=\"8\"><\/td>\n\t\t\t\t\t\t\t\t\t\t\t\t\t\t\t\t\t\t<td><input type=\"checkbox\" name=\"dostupnost[SO][]\" value=\"9\"><\/td>\n\t\t\t\t\t\t\t\t\t\t\t\t\t\t\t\t\t\t<td><input type=\"checkbox\" name=\"dostupnost[SO][]\" value=\"10\"><\/td>\n\t\t\t\t\t\t\t\t\t\t\t\t\t\t\t\t\t\t<td><input type=\"checkbox\" name=\"dostupnost[SO][]\" value=\"11\"><\/td>\n\t\t\t\t\t\t\t\t\t\t\t\t\t\t\t\t\t\t<td><input type=\"checkbox\" name=\"dostupnost[SO][]\" value=\"12\"><\/td>\n\t\t\t\t\t\t\t\t\t\t\t\t\t\t\t\t\t\t<td><input type=\"checkbox\" name=\"dostupnost[SO][]\" value=\"13\"><\/td>\n\t\t\t\t\t\t\t\t\t\t\t\t\t\t\t\t\t\t<td><input type=\"checkbox\" name=\"dostupnost[SO][]\" value=\"14\"><\/td>\n\t\t\t\t\t\t\t\t\t\t\t\t\t\t\t\t\t\t<td><input type=\"checkbox\" name=\"dostupnost[SO][]\" value=\"15\"><\/td>\n\t\t\t\t\t\t\t\t\t\t\t\t\t\t\t\t\t\t<td><input type=\"checkbox\" name=\"dostupnost[SO][]\" value=\"16\"><\/td>\n\t\t\t\t\t\t\t\t\t\t\t\t\t\t\t\t\t\t<td><input type=\"checkbox\" name=\"dostupnost[SO][]\" value=\"17\"><\/td>\n\t\t\t\t\t\t\t\t\t\t\t\t\t\t\t\t\t\t<td><input type=\"checkbox\" name=\"dostupnost[SO][]\" value=\"18\"><\/td>\n\t\t\t\t\t\t\t\t\t\t\t\t\t\t\t\t\t\t<td><input type=\"checkbox\" name=\"dostupnost[SO][]\" value=\"19\"><\/td>\n\t\t\t\t\t\t\t\t\t\t\t\t\t\t\t\t\t\t<td><input type=\"checkbox\" name=\"dostupnost[SO][]\" value=\"20\"><\/td>\n\t\t\t\t\t\t\t\t\t\t\t\t\t\t\t\t\t<\/tr>\n\t\t\t\t\t\t\t\t\t\t\t\t\t\t\t\t<tr>\n\t\t\t\t\t\t\t\t\t<th>Ne<\/th>\n\t\t\t\t\t\t\t\t\t\t\t\t\t\t\t\t\t\t<td><input type=\"checkbox\" name=\"dostupnost[NE][]\" value=\"7\"><\/td>\n\t\t\t\t\t\t\t\t\t\t\t\t\t\t\t\t\t\t<td><input type=\"checkbox\" name=\"dostupnost[NE][]\" value=\"8\"><\/td>\n\t\t\t\t\t\t\t\t\t\t\t\t\t\t\t\t\t\t<td><input type=\"checkbox\" name=\"dostupnost[NE][]\" value=\"9\"><\/td>\n\t\t\t\t\t\t\t\t\t\t\t\t\t\t\t\t\t\t<td><input type=\"checkbox\" name=\"dostupnost[NE][]\" value=\"10\"><\/td>\n\t\t\t\t\t\t\t\t\t\t\t\t\t\t\t\t\t\t<td><input type=\"checkbox\" name=\"dostupnost[NE][]\" value=\"11\"><\/td>\n\t\t\t\t\t\t\t\t\t\t\t\t\t\t\t\t\t\t<td><input type=\"checkbox\" name=\"dostupnost[NE][]\" value=\"12\"><\/td>\n\t\t\t\t\t\t\t\t\t\t\t\t\t\t\t\t\t\t<td><input type=\"checkbox\" name=\"dostupnost[NE][]\" value=\"13\"><\/td>\n\t\t\t\t\t\t\t\t\t\t\t\t\t\t\t\t\t\t<td><input type=\"checkbox\" name=\"dostupnost[NE][]\" value=\"14\"><\/td>\n\t\t\t\t\t\t\t\t\t\t\t\t\t\t\t\t\t\t<td><input type=\"checkbox\" name=\"dostupnost[NE][]\" value=\"15\"><\/td>\n\t\t\t\t\t\t\t\t\t\t\t\t\t\t\t\t\t\t<td><input type=\"checkbox\" name=\"dostupnost[NE][]\" value=\"16\"><\/td>\n\t\t\t\t\t\t\t\t\t\t\t\t\t\t\t\t\t\t<td><input type=\"checkbox\" name=\"dostupnost[NE][]\" value=\"17\"><\/td>\n\t\t\t\t\t\t\t\t\t\t\t\t\t\t\t\t\t\t<td><input type=\"checkbox\" name=\"dostupnost[NE][]\" value=\"18\"><\/td>\n\t\t\t\t\t\t\t\t\t\t\t\t\t\t\t\t\t\t<td><input type=\"checkbox\" name=\"dostupnost[NE][]\" value=\"19\"><\/td>\n\t\t\t\t\t\t\t\t\t\t\t\t\t\t\t\t\t\t<td><input type=\"checkbox\" name=\"dostupnost[NE][]\" value=\"20\"><\/td>\n\t\t\t\t\t\t\t\t\t\t\t\t\t\t\t\t\t<\/tr>\n\t\t\t\t\t\t\t\t\t\t\t\t\t\t\t<\/tbody>\n\t\t\t\t\t\t<\/table>\n\t\t\t\t\t<\/div>\n\t\t\t\t\t<p class=\"pokrok-form-hint\">Za\u0161krtn\u011bte hodiny, ve kter\u00fdch jste dostupn\u00ed (7 = 7:00\u20138:00 atd.)<\/p>\n\t\t\t\t<\/div>\n\n\t\t\t\t<div class=\"pokrok-form-actions\">\n\t\t\t\t\t<button type=\"submit\" class=\"pokrok-btn-submit\">Odeslat registraci<\/button>\n\t\t\t\t<\/div>\n\t\t\t\t<div class=\"pokrok-msg\" style=\"display:none\"><\/div>\n\t\t\t<\/form>\n\t\t<\/div>\n\n\t\t<!-- Krok 2B: p\u0159ihl\u00e1\u0161en\u00ed k dou\u010dov\u00e1n\u00ed -->\n\t\t<div class=\"pokrok-step\" id=\"pokrok-step-doucovany\" style=\"display:none\">\n\t\t\t<h2 class=\"pokrok-section-title\">P\u0159ihl\u00e1sit se k dou\u010dov\u00e1n\u00ed<\/h2>\n\t\t\t<form id=\"pokrok-form-doucovany\" novalidate>\n\t\t\t\t<input type=\"hidden\" id=\"pokrok-selected-dt-id\"  name=\"doucovatel_id\" value=\"\">\n\t\t\t\t<input type=\"hidden\" id=\"pokrok-selected-termin\" name=\"termin_text\"   value=\"\">\n\n\t\t\t\t<!-- Panel 1: Va\u0161e \u00fadaje + p\u0159edm\u011bt -->\n\t\t\t\t<div class=\"pokrok-panel pokrok-panel--active\" id=\"pokrok-panel-info\">\n\t\t\t\t\t<div class=\"pokrok-panel-head\">\n\t\t\t\t\t\t<div class=\"pokrok-panel-label\"><span class=\"pokrok-panel-num\">1<\/span> Va\u0161e \u00fadaje<\/div>\n\t\t\t\t\t\t<div class=\"pokrok-panel-sel\" id=\"pokrok-sel-info\" style=\"display:none\"><\/div>\n\t\t\t\t\t\t<button type=\"button\" class=\"pokrok-panel-change\" id=\"pokrok-change-info\" style=\"display:none\">Upravit<\/button>\n\t\t\t\t\t<\/div>\n\t\t\t\t\t<div class=\"pokrok-panel-body\" id=\"pokrok-body-info\">\n\t\t\t\t\t\t<div class=\"pokrok-form-row pokrok-form-row--inline\">\n\t\t\t\t\t\t\t<div style=\"flex:0 0 110px;min-width:0\">\n\t\t\t\t\t\t\t\t<label>Titul<\/label>\n\t\t\t\t\t\t\t\t<input type=\"text\" name=\"nadpis\" placeholder=\"Bc., Mgr., \u2026\" maxlength=\"50\">\n\t\t\t\t\t\t\t<\/div>\n\t\t\t\t\t\t\t<div>\n\t\t\t\t\t\t\t\t<label>Jm\u00e9no <span class=\"pokrok-req\">*<\/span><\/label>\n\t\t\t\t\t\t\t\t<input type=\"text\" name=\"jmeno\" required maxlength=\"100\">\n\t\t\t\t\t\t\t<\/div>\n\t\t\t\t\t\t\t<div>\n\t\t\t\t\t\t\t\t<label>P\u0159\u00edjmen\u00ed <span class=\"pokrok-req\">*<\/span><\/label>\n\t\t\t\t\t\t\t\t<input type=\"text\" name=\"prijmeni\" required maxlength=\"100\">\n\t\t\t\t\t\t\t<\/div>\n\t\t\t\t\t\t<\/div>\n\t\t\t\t\t\t<div class=\"pokrok-form-row pokrok-form-row--inline\">\n\t\t\t\t\t\t\t<div>\n\t\t\t\t\t\t\t\t<label>E-mail <span class=\"pokrok-req\">*<\/span><\/label>\n\t\t\t\t\t\t\t\t<input type=\"email\" name=\"email\" required maxlength=\"150\">\n\t\t\t\t\t\t\t<\/div>\n\t\t\t\t\t\t\t<div>\n\t\t\t\t\t\t\t\t<label>Osobn\u00ed \u010d\u00edslo<\/label>\n\t\t\t\t\t\t\t\t<input type=\"text\" name=\"osobni_cislo\" maxlength=\"20\">\n\t\t\t\t\t\t\t<\/div>\n\t\t\t\t\t\t<\/div>\n\t\t\t\t\t\t<div class=\"pokrok-form-row\">\n\t\t\t\t\t\t\t<label>P\u0159edm\u011bty, pro kter\u00e9 hled\u00e1m dou\u010dov\u00e1n\u00ed<\/label>\n\t\t\t\t\t\t\t<div class=\"pokrok-subject-wrap\" id=\"pokrok-ds-subject\" data-mode=\"multi\" data-input-name=\"predmet_id[]\">\n\t\t\t\t\t\t\t\t<input type=\"text\" class=\"pokrok-subject-search\" autocomplete=\"off\"\n\t\t\t\t\t\t\t\t       placeholder=\"Hledat p\u0159edm\u011bt\u2026\" aria-label=\"Hledat p\u0159edm\u011bt\">\n\t\t\t\t\t\t\t\t<div class=\"pokrok-subject-dropdown\" role=\"listbox\" style=\"display:none\"><\/div>\n\t\t\t\t\t\t\t\t<div class=\"pokrok-subject-tags\"><\/div>\n\t\t\t\t\t\t\t<\/div>\n\t\t\t\t\t\t<\/div>\n\t\t\t\t\t\t<div class=\"pokrok-form-actions\">\n\t\t\t\t\t\t\t<button type=\"button\" id=\"pokrok-load-tutors\" class=\"pokrok-btn-next\">Vyhledat dou\u010dovatele \u2192<\/button>\n\t\t\t\t\t\t<\/div>\n\t\t\t\t\t<\/div>\n\t\t\t\t<\/div>\n\n\t\t\t\t<!-- Panel 2: Dou\u010dovatel -->\n\t\t\t\t<div class=\"pokrok-panel\" id=\"pokrok-panel-tutor\" style=\"display:none\">\n\t\t\t\t\t<div class=\"pokrok-panel-head\">\n\t\t\t\t\t\t<div class=\"pokrok-panel-label\"><span class=\"pokrok-panel-num\">2<\/span> Dou\u010dovatel<\/div>\n\t\t\t\t\t\t<div class=\"pokrok-panel-sel\" id=\"pokrok-sel-tutor\" style=\"display:none\"><\/div>\n\t\t\t\t\t\t<button type=\"button\" class=\"pokrok-panel-change\" id=\"pokrok-change-tutor\" style=\"display:none\">Zm\u011bnit<\/button>\n\t\t\t\t\t<\/div>\n\t\t\t\t\t<div class=\"pokrok-panel-body\">\n\t\t\t\t\t\t<div id=\"pokrok-tutors-list\"><\/div>\n\t\t\t\t\t<\/div>\n\t\t\t\t<\/div>\n\n\t\t\t\t<!-- Panel 3: Term\u00edn + Potvrzen\u00ed + Odesl\u00e1n\u00ed -->\n\t\t\t\t<div class=\"pokrok-panel\" id=\"pokrok-panel-slot\" style=\"display:none\">\n\t\t\t\t\t<div class=\"pokrok-panel-head\">\n\t\t\t\t\t\t<div class=\"pokrok-panel-label\"><span class=\"pokrok-panel-num\">3<\/span> Term\u00edn<\/div>\n\t\t\t\t\t\t<div class=\"pokrok-panel-sel\" id=\"pokrok-sel-slot\" style=\"display:none\"><\/div>\n\t\t\t\t\t\t<button type=\"button\" class=\"pokrok-panel-change\" id=\"pokrok-change-slot\" style=\"display:none\">Zm\u011bnit term\u00edn<\/button>\n\t\t\t\t\t<\/div>\n\t\t\t\t\t<div class=\"pokrok-panel-body\">\n\t\t\t\t\t\t<div id=\"pokrok-slots-list\"><\/div>\n\t\t\t\t\t\t<!-- Potvrzen\u00ed a odesl\u00e1n\u00ed \u2013 zobraz\u00ed se po v\u00fdb\u011bru term\u00ednu -->\n\t\t\t\t\t\t<div id=\"pokrok-confirm-area\" style=\"display:none\">\n\t\t\t\t\t\t\t<hr style=\"margin:18px 0 14px;border:none;border-top:1px solid #eee\">\n\t\t\t\t\t\t\t<div id=\"pokrok-confirm-summary\"><\/div>\n\t\t\t\t\t\t\t<div class=\"pokrok-form-actions\" style=\"margin-top:14px\">\n\t\t\t\t\t\t\t\t<button type=\"submit\" class=\"pokrok-btn-submit\">Potvrdit p\u0159ihl\u00e1\u0161en\u00ed<\/button>\n\t\t\t\t\t\t\t<\/div>\n\t\t\t\t\t\t<\/div>\n\t\t\t\t\t<\/div>\n\t\t\t\t<\/div>\n\n\t\t\t\t<div class=\"pokrok-msg\" style=\"display:none\"><\/div>\n\t\t\t<\/form>\n\t\t<\/div>\n\n\t\t<!-- \u00dasp\u011bch -->\n\t\t<div class=\"pokrok-step\" id=\"pokrok-step-success\" style=\"display:none\">\n\t\t\t<div class=\"pokrok-success-box\">\n\t\t\t\t<div class=\"pokrok-success-icon\">\u2713<\/div>\n\t\t\t\t<h2>Hotovo!<\/h2>\n\t\t\t\t<p id=\"pokrok-success-msg\"><\/p>\n\t\t\t\t<button type=\"button\" id=\"pokrok-restart\" class=\"pokrok-btn-secondary\">Zp\u011bt na za\u010d\u00e1tek<\/button>\n\t\t\t<\/div>\n\t\t<\/div>\n\n\t<\/div><!-- .pokrok-wrap -->\n\t\n","protected":false},"excerpt":{"rendered":"","protected":false},"author":1,"featured_media":0,"parent":0,"menu_order":0,"comment_status":"closed","ping_status":"closed","template":"","meta":{"footnotes":""},"class_list":["post-9","page","type-page","status-publish","hentry"],"_links":{"self":[{"href":"https:\/\/pokrok.ft.utb.cz\/index.php\/wp-json\/wp\/v2\/pages\/9","targetHints":{"allow":["GET"]}}],"collection":[{"href":"https:\/\/pokrok.ft.utb.cz\/index.php\/wp-json\/wp\/v2\/pages"}],"about":[{"href":"https:\/\/pokrok.ft.utb.cz\/index.php\/wp-json\/wp\/v2\/types\/page"}],"author":[{"embeddable":true,"href":"https:\/\/pokrok.ft.utb.cz\/index.php\/wp-json\/wp\/v2\/users\/1"}],"replies":[{"embeddable":true,"href":"https:\/\/pokrok.ft.utb.cz\/index.php\/wp-json\/wp\/v2\/comments?post=9"}],"version-history":[{"count":2,"href":"https:\/\/pokrok.ft.utb.cz\/index.php\/wp-json\/wp\/v2\/pages\/9\/revisions"}],"predecessor-version":[{"id":11,"href":"https:\/\/pokrok.ft.utb.cz\/index.php\/wp-json\/wp\/v2\/pages\/9\/revisions\/11"}],"wp:attachment":[{"href":"https:\/\/pokrok.ft.utb.cz\/index.php\/wp-json\/wp\/v2\/media?parent=9"}],"curies":[{"name":"wp","href":"https:\/\/api.w.org\/{rel}","templated":true}]}}